{"id":23786,"date":"2022-09-26T06:44:36","date_gmt":"2022-09-26T06:44:36","guid":{"rendered":"https:\/\/elementor.zozothemes.com\/restaurt\/our-portfolio-copy\/"},"modified":"2026-03-31T10:20:07","modified_gmt":"2026-03-31T10:20:07","slug":"menu","status":"publish","type":"page","link":"https:\/\/suszarniashop.pl\/menu\/","title":{"rendered":"Menu"},"content":{"rendered":"\t\t<div data-elementor-type=\"wp-page\" data-elementor-id=\"23786\" class=\"elementor elementor-23786\">\n\t\t\t\t\t\t<section class=\"elementor-section elementor-top-section elementor-element elementor-element-da671b1 elementor-section-stretched elementor-section-content-middle elementor-section-boxed elementor-section-height-default elementor-section-height-default exad-glass-effect-no exad-sticky-section-no\" data-id=\"da671b1\" data-element_type=\"section\" data-settings=\"{&quot;stretch_section&quot;:&quot;section-stretched&quot;,&quot;background_background&quot;:&quot;classic&quot;}\">\n\t\t\t\t\t\t\t<div class=\"elementor-background-overlay\"><\/div>\n\t\t\t\t\t\t\t<div class=\"elementor-container elementor-column-gap-default\">\n\t\t\t\t\t<div class=\"elementor-column elementor-col-100 elementor-top-column elementor-element elementor-element-39c8609 exad-glass-effect-no exad-sticky-section-no\" data-id=\"39c8609\" data-element_type=\"column\" data-settings=\"{&quot;background_background&quot;:&quot;classic&quot;}\">\n\t\t\t<div class=\"elementor-widget-wrap elementor-element-populated\">\n\t\t\t\t\t<div class=\"elementor-background-overlay\"><\/div>\n\t\t\t\t\t\t<div class=\"elementor-element elementor-element-a91c888 cea-align-center exad-sticky-section-no exad-glass-effect-no elementor-widget elementor-widget-ceasectiontitle\" data-id=\"a91c888\" data-element_type=\"widget\" data-widget_type=\"ceasectiontitle.default\">\n\t\t\t\t<div class=\"elementor-widget-container\">\n\t\t\t\t\t<div class=\"section-title-wrapper\"><div class=\"title-wrap\"><h6 class=\"sub-title\">Zam\u00f3w online<\/h6><h2 class=\"section-title\">Wybierz lokalizacj\u0119 i zam\u00f3w<\/h2><\/div><!-- .title-wrap --><div class=\"section-description\"><\/div><!-- .section-description --><\/div><!-- .section-title-wrapper -->\t\t\t\t<\/div>\n\t\t\t\t<\/div>\n\t\t\t\t<section class=\"elementor-section elementor-inner-section elementor-element elementor-element-413d3f4 elementor-section-full_width elementor-section-height-default elementor-section-height-default exad-glass-effect-no exad-sticky-section-no\" data-id=\"413d3f4\" data-element_type=\"section\">\n\t\t\t\t\t\t<div class=\"elementor-container elementor-column-gap-default\">\n\t\t\t\t\t<div class=\"exad-link-anything-wrapper elementor-column elementor-col-25 elementor-inner-column elementor-element elementor-element-a91bc5a exad-glass-effect-no exad-sticky-section-no\" data-exad-element-link=\"{&quot;url&quot;:&quot;https:\\\/\\\/czarnieckiego.suszarniashop.pl&quot;,&quot;is_external&quot;:&quot;&quot;,&quot;nofollow&quot;:&quot;&quot;,&quot;custom_attributes&quot;:&quot;&quot;}\" style=\"cursor: pointer\" data-id=\"a91bc5a\" data-element_type=\"column\">\n\t\t\t<div class=\"elementor-widget-wrap elementor-element-populated\">\n\t\t\t\t\t\t<div class=\"elementor-element elementor-element-a771529 cus-img-fb cea-view-default exad-sticky-section-no exad-glass-effect-no elementor-widget elementor-widget-ceafeaturebox\" data-id=\"a771529\" data-element_type=\"widget\" data-widget_type=\"ceafeaturebox.default\">\n\t\t\t\t<div class=\"elementor-widget-container feature-box-wrapper feature-box-classic\">\r\n\t\t\t<div class=\"feature-box-inner\"><div class=\"cea-featured-icon\"><svg aria-hidden=\"true\" class=\"e-font-icon-svg e-fas-map-marked-alt\" viewBox=\"0 0 576 512\" xmlns=\"http:\/\/www.w3.org\/2000\/svg\"><path d=\"M288 0c-69.59 0-126 56.41-126 126 0 56.26 82.35 158.8 113.9 196.02 6.39 7.54 17.82 7.54 24.2 0C331.65 284.8 414 182.26 414 126 414 56.41 357.59 0 288 0zm0 168c-23.2 0-42-18.8-42-42s18.8-42 42-42 42 18.8 42 42-18.8 42-42 42zM20.12 215.95A32.006 32.006 0 0 0 0 245.66v250.32c0 11.32 11.43 19.06 21.94 14.86L160 448V214.92c-8.84-15.98-16.07-31.54-21.25-46.42L20.12 215.95zM288 359.67c-14.07 0-27.38-6.18-36.51-16.96-19.66-23.2-40.57-49.62-59.49-76.72v182l192 64V266c-18.92 27.09-39.82 53.52-59.49 76.72-9.13 10.77-22.44 16.95-36.51 16.95zm266.06-198.51L416 224v288l139.88-55.95A31.996 31.996 0 0 0 576 426.34V176.02c0-11.32-11.43-19.06-21.94-14.86z\"><\/path><\/svg><\/div><div class=\"fbox-number\">01<\/div><h5 class=\"feature-box-title\">S. Czarnieckiego 13<\/h5><div class=\"fbox-content\"><span style=\"color: #060201;\">Wroc\u0142aw<\/span>\n<\/div>\t\t\t\t<div class=\"cea-button-wrapper\">\r\n\t\t\t\t\t<a href=\"https:\/\/czarnieckiego.suszarniashop.pl\" class=\"cea-button-link elementor-button cea-button elementor-size-xs\">\r\n\t\t\t\t\t\t\t\t<span class=\"cea-button-content-wrapper\">\r\n\t\t\t\t\t\t<span class=\"cea-button-icon cea-align-icon-\">\r\n\t\t\t\t\t\t\t<\/span>\r\n\t\t\t\t\t\t<span class=\"cea-button-text\">Chc\u0119 zam\u00f3wi\u0107<\/span>\r\n\t\t<\/span>\r\n\t\t\t\t\t\t\t<\/a>\r\n\t\t\t\t<\/div>\r\n\t\t\t\t<\/div>\t\t<\/div>\r\n\t\t\t\t<\/div>\n\t\t\t\t<div class=\"elementor-element elementor-element-2747c85 exad-sticky-section-no exad-glass-effect-no elementor-widget elementor-widget-image\" data-id=\"2747c85\" data-element_type=\"widget\" data-widget_type=\"image.default\">\n\t\t\t\t<div class=\"elementor-widget-container\">\n\t\t\t\t\t\t\t\t\t\t\t\t\t\t\t<img decoding=\"async\" src=\"https:\/\/suszarniashop.pl\/wp-content\/uploads\/elementor\/thumbs\/czarneckiego-e1735016983240-qyyqzzn894o79cwiurhulami4myb16e1msvnbpm810.png\" title=\"czarneckiego\" alt=\"czarneckiego\" loading=\"lazy\" \/>\t\t\t\t\t\t\t\t\t\t\t\t\t\t\t<\/div>\n\t\t\t\t<\/div>\n\t\t\t\t\t<\/div>\n\t\t<\/div>\n\t\t\t\t<div class=\"exad-link-anything-wrapper elementor-column elementor-col-25 elementor-inner-column elementor-element elementor-element-ba70907 exad-glass-effect-no exad-sticky-section-no\" data-exad-element-link=\"{&quot;url&quot;:&quot;https:\\\/\\\/brodzka.suszarniashop.pl&quot;,&quot;is_external&quot;:&quot;&quot;,&quot;nofollow&quot;:&quot;&quot;,&quot;custom_attributes&quot;:&quot;&quot;}\" style=\"cursor: pointer\" data-id=\"ba70907\" data-element_type=\"column\">\n\t\t\t<div class=\"elementor-widget-wrap elementor-element-populated\">\n\t\t\t\t\t\t<div class=\"elementor-element elementor-element-c70af2b cea-view-default exad-sticky-section-no exad-glass-effect-no elementor-widget elementor-widget-ceafeaturebox\" data-id=\"c70af2b\" data-element_type=\"widget\" data-widget_type=\"ceafeaturebox.default\">\n\t\t\t\t<div class=\"elementor-widget-container feature-box-wrapper feature-box-classic\">\r\n\t\t\t<div class=\"feature-box-inner\"><div class=\"cea-featured-icon\"><svg aria-hidden=\"true\" class=\"e-font-icon-svg e-fas-map-marked-alt\" viewBox=\"0 0 576 512\" xmlns=\"http:\/\/www.w3.org\/2000\/svg\"><path d=\"M288 0c-69.59 0-126 56.41-126 126 0 56.26 82.35 158.8 113.9 196.02 6.39 7.54 17.82 7.54 24.2 0C331.65 284.8 414 182.26 414 126 414 56.41 357.59 0 288 0zm0 168c-23.2 0-42-18.8-42-42s18.8-42 42-42 42 18.8 42 42-18.8 42-42 42zM20.12 215.95A32.006 32.006 0 0 0 0 245.66v250.32c0 11.32 11.43 19.06 21.94 14.86L160 448V214.92c-8.84-15.98-16.07-31.54-21.25-46.42L20.12 215.95zM288 359.67c-14.07 0-27.38-6.18-36.51-16.96-19.66-23.2-40.57-49.62-59.49-76.72v182l192 64V266c-18.92 27.09-39.82 53.52-59.49 76.72-9.13 10.77-22.44 16.95-36.51 16.95zm266.06-198.51L416 224v288l139.88-55.95A31.996 31.996 0 0 0 576 426.34V176.02c0-11.32-11.43-19.06-21.94-14.86z\"><\/path><\/svg><\/div><div class=\"fbox-number\">02<\/div><h5 class=\"feature-box-title\">Brodzka 159c<\/h5><div class=\"fbox-content\"> <span style=\"color: #060201;\">Wroc\u0142aw (Pracze Odrza\u0144skie)<\/span>\n<\/div>\t\t\t\t<div class=\"cea-button-wrapper\">\r\n\t\t\t\t\t<a href=\"https:\/\/brodzka.suszarniashop.pl\" class=\"cea-button-link elementor-button cea-button elementor-size-xs\">\r\n\t\t\t\t\t\t\t\t<span class=\"cea-button-content-wrapper\">\r\n\t\t\t\t\t\t<span class=\"cea-button-icon cea-align-icon-\">\r\n\t\t\t\t\t\t\t<\/span>\r\n\t\t\t\t\t\t<span class=\"cea-button-text\">Chc\u0119 zam\u00f3wi\u0107<\/span>\r\n\t\t<\/span>\r\n\t\t\t\t\t\t\t<\/a>\r\n\t\t\t\t<\/div>\r\n\t\t\t\t<\/div>\t\t<\/div>\r\n\t\t\t\t<\/div>\n\t\t\t\t<div class=\"elementor-element elementor-element-b5f73f9 exad-sticky-section-no exad-glass-effect-no elementor-widget elementor-widget-image\" data-id=\"b5f73f9\" data-element_type=\"widget\" data-widget_type=\"image.default\">\n\t\t\t\t<div class=\"elementor-widget-container\">\n\t\t\t\t\t\t\t\t\t\t\t\t\t\t\t<img decoding=\"async\" src=\"https:\/\/suszarniashop.pl\/wp-content\/uploads\/elementor\/thumbs\/brodzka-e1735017159663-qyyr4l2tnyyo0q880r06s4vmogawnwmsxjp3sesxlw.png\" title=\"brodzka\" alt=\"brodzka\" loading=\"lazy\" \/>\t\t\t\t\t\t\t\t\t\t\t\t\t\t\t<\/div>\n\t\t\t\t<\/div>\n\t\t\t\t\t<\/div>\n\t\t<\/div>\n\t\t\t\t<div class=\"exad-link-anything-wrapper elementor-column elementor-col-25 elementor-inner-column elementor-element elementor-element-911d89c exad-glass-effect-no exad-sticky-section-no\" data-exad-element-link=\"{&quot;url&quot;:&quot;https:\\\/\\\/hubska.suszarniashop.pl&quot;,&quot;is_external&quot;:&quot;&quot;,&quot;nofollow&quot;:&quot;&quot;,&quot;custom_attributes&quot;:&quot;&quot;}\" style=\"cursor: pointer\" data-id=\"911d89c\" data-element_type=\"column\">\n\t\t\t<div class=\"elementor-widget-wrap elementor-element-populated\">\n\t\t\t\t\t\t<div class=\"elementor-element elementor-element-74890aa cus-img-fb cea-view-default exad-sticky-section-no exad-glass-effect-no elementor-widget elementor-widget-ceafeaturebox\" data-id=\"74890aa\" data-element_type=\"widget\" data-widget_type=\"ceafeaturebox.default\">\n\t\t\t\t<div class=\"elementor-widget-container feature-box-wrapper feature-box-classic\">\r\n\t\t\t<div class=\"feature-box-inner\"><div class=\"cea-featured-icon\"><svg aria-hidden=\"true\" class=\"e-font-icon-svg e-fas-map-marked-alt\" viewBox=\"0 0 576 512\" xmlns=\"http:\/\/www.w3.org\/2000\/svg\"><path d=\"M288 0c-69.59 0-126 56.41-126 126 0 56.26 82.35 158.8 113.9 196.02 6.39 7.54 17.82 7.54 24.2 0C331.65 284.8 414 182.26 414 126 414 56.41 357.59 0 288 0zm0 168c-23.2 0-42-18.8-42-42s18.8-42 42-42 42 18.8 42 42-18.8 42-42 42zM20.12 215.95A32.006 32.006 0 0 0 0 245.66v250.32c0 11.32 11.43 19.06 21.94 14.86L160 448V214.92c-8.84-15.98-16.07-31.54-21.25-46.42L20.12 215.95zM288 359.67c-14.07 0-27.38-6.18-36.51-16.96-19.66-23.2-40.57-49.62-59.49-76.72v182l192 64V266c-18.92 27.09-39.82 53.52-59.49 76.72-9.13 10.77-22.44 16.95-36.51 16.95zm266.06-198.51L416 224v288l139.88-55.95A31.996 31.996 0 0 0 576 426.34V176.02c0-11.32-11.43-19.06-21.94-14.86z\"><\/path><\/svg><\/div><div class=\"fbox-number\">03<\/div><h5 class=\"feature-box-title\">Hubska 74a<\/h5><div class=\"fbox-content\"><span style=\"color: #060201;\">Wroc\u0142aw<\/span>\n<\/div>\t\t\t\t<div class=\"cea-button-wrapper\">\r\n\t\t\t\t\t<a href=\"https:\/\/hubska.suszarniashop.pl\" class=\"cea-button-link elementor-button cea-button elementor-size-xs\">\r\n\t\t\t\t\t\t\t\t<span class=\"cea-button-content-wrapper\">\r\n\t\t\t\t\t\t<span class=\"cea-button-icon cea-align-icon-\">\r\n\t\t\t\t\t\t\t<\/span>\r\n\t\t\t\t\t\t<span class=\"cea-button-text\">Chc\u0119 zam\u00f3wi\u0107<\/span>\r\n\t\t<\/span>\r\n\t\t\t\t\t\t\t<\/a>\r\n\t\t\t\t<\/div>\r\n\t\t\t\t<\/div>\t\t<\/div>\r\n\t\t\t\t<\/div>\n\t\t\t\t<div class=\"elementor-element elementor-element-1706afe exad-sticky-section-no exad-glass-effect-no elementor-widget elementor-widget-image\" data-id=\"1706afe\" data-element_type=\"widget\" data-widget_type=\"image.default\">\n\t\t\t\t<div class=\"elementor-widget-container\">\n\t\t\t\t\t\t\t\t\t\t\t\t\t\t\t<img decoding=\"async\" src=\"https:\/\/suszarniashop.pl\/wp-content\/uploads\/elementor\/thumbs\/hubska-e1735017251921-qyyr6zjz4q91ouqlzsdv5j21bwgoc263xfprxv8ppg.png\" title=\"hubska\" alt=\"hubska\" loading=\"lazy\" \/>\t\t\t\t\t\t\t\t\t\t\t\t\t\t\t<\/div>\n\t\t\t\t<\/div>\n\t\t\t\t\t<\/div>\n\t\t<\/div>\n\t\t\t\t<div class=\"exad-link-anything-wrapper elementor-column elementor-col-25 elementor-inner-column elementor-element elementor-element-5a10107 exad-glass-effect-no exad-sticky-section-no\" data-exad-element-link=\"{&quot;url&quot;:&quot;https:\\\/\\\/zamow.suszarniashop.pl&quot;,&quot;is_external&quot;:&quot;&quot;,&quot;nofollow&quot;:&quot;&quot;,&quot;custom_attributes&quot;:&quot;&quot;}\" style=\"cursor: pointer\" data-id=\"5a10107\" data-element_type=\"column\">\n\t\t\t<div class=\"elementor-widget-wrap elementor-element-populated\">\n\t\t\t\t\t\t<div class=\"elementor-element elementor-element-e57d035 cus-img-fb cea-view-default exad-sticky-section-no exad-glass-effect-no elementor-widget elementor-widget-ceafeaturebox\" data-id=\"e57d035\" data-element_type=\"widget\" data-widget_type=\"ceafeaturebox.default\">\n\t\t\t\t<div class=\"elementor-widget-container feature-box-wrapper feature-box-classic\">\r\n\t\t\t<div class=\"feature-box-inner\"><div class=\"cea-featured-icon\"><svg aria-hidden=\"true\" class=\"e-font-icon-svg e-fas-map-marked-alt\" viewBox=\"0 0 576 512\" xmlns=\"http:\/\/www.w3.org\/2000\/svg\"><path d=\"M288 0c-69.59 0-126 56.41-126 126 0 56.26 82.35 158.8 113.9 196.02 6.39 7.54 17.82 7.54 24.2 0C331.65 284.8 414 182.26 414 126 414 56.41 357.59 0 288 0zm0 168c-23.2 0-42-18.8-42-42s18.8-42 42-42 42 18.8 42 42-18.8 42-42 42zM20.12 215.95A32.006 32.006 0 0 0 0 245.66v250.32c0 11.32 11.43 19.06 21.94 14.86L160 448V214.92c-8.84-15.98-16.07-31.54-21.25-46.42L20.12 215.95zM288 359.67c-14.07 0-27.38-6.18-36.51-16.96-19.66-23.2-40.57-49.62-59.49-76.72v182l192 64V266c-18.92 27.09-39.82 53.52-59.49 76.72-9.13 10.77-22.44 16.95-36.51 16.95zm266.06-198.51L416 224v288l139.88-55.95A31.996 31.996 0 0 0 576 426.34V176.02c0-11.32-11.43-19.06-21.94-14.86z\"><\/path><\/svg><\/div><div class=\"fbox-number\">04<\/div><h5 class=\"feature-box-title\">K\u0105ty Wroc\u0142awskie<\/h5><div class=\"fbox-content\"><span style=\"color: #060201;\">Wroc\u0142aw, K\u0105ty Wroc\u0142awskie<\/span>\n<\/div>\t\t\t\t<div class=\"cea-button-wrapper\">\r\n\t\t\t\t\t<a href=\"https:\/\/katywroclawskie.suszarniashop.pl\/pl\/menu\" class=\"cea-button-link elementor-button cea-button elementor-size-xs\">\r\n\t\t\t\t\t\t\t\t<span class=\"cea-button-content-wrapper\">\r\n\t\t\t\t\t\t<span class=\"cea-button-icon cea-align-icon-\">\r\n\t\t\t\t\t\t\t<\/span>\r\n\t\t\t\t\t\t<span class=\"cea-button-text\">Chc\u0119 zam\u00f3wi\u0107<\/span>\r\n\t\t<\/span>\r\n\t\t\t\t\t\t\t<\/a>\r\n\t\t\t\t<\/div>\r\n\t\t\t\t<\/div>\t\t<\/div>\r\n\t\t\t\t<\/div>\n\t\t\t\t<div class=\"elementor-element elementor-element-09a4596 exad-sticky-section-no exad-glass-effect-no elementor-widget elementor-widget-image\" data-id=\"09a4596\" data-element_type=\"widget\" data-widget_type=\"image.default\">\n\t\t\t\t<div class=\"elementor-widget-container\">\n\t\t\t\t\t\t\t\t\t\t\t\t\t\t\t<img fetchpriority=\"high\" decoding=\"async\" width=\"370\" height=\"170\" src=\"https:\/\/suszarniashop.pl\/wp-content\/uploads\/2024\/12\/brodzka-e1735017159663.png\" class=\"attachment-full size-full wp-image-33308\" alt=\"\" \/>\t\t\t\t\t\t\t\t\t\t\t\t\t\t\t<\/div>\n\t\t\t\t<\/div>\n\t\t\t\t\t<\/div>\n\t\t<\/div>\n\t\t\t\t\t<\/div>\n\t\t<\/section>\n\t\t\t\t\t<\/div>\n\t\t<\/div>\n\t\t\t\t\t<\/div>\n\t\t<\/section>\n\t\t\t\t<\/div>\n\t\t","protected":false},"excerpt":{"rendered":"<p>Zam\u00f3w online Wybierz lokalizacj\u0119 i zam\u00f3w 01 S. Czarnieckiego 13 Wroc\u0142aw Chc\u0119 zam\u00f3wi\u0107 02 Brodzka 159c Wroc\u0142aw (Pracze Odrza\u0144skie) Chc\u0119 zam\u00f3wi\u0107 03 Hubska 74a Wroc\u0142aw Chc\u0119 zam\u00f3wi\u0107 04 K\u0105ty Wroc\u0142awskie Wroc\u0142aw, K\u0105ty Wroc\u0142awskie Chc\u0119 zam\u00f3wi\u0107<\/p>\n","protected":false},"author":1,"featured_media":0,"parent":0,"menu_order":0,"comment_status":"closed","ping_status":"closed","template":"","meta":{"footnotes":""},"class_list":["post-23786","page","type-page","status-publish","hentry"],"yoast_head":"<!-- This site is optimized with the Yoast SEO plugin v24.5 - https:\/\/yoast.com\/wordpress\/plugins\/seo\/ -->\n<title>Restauracja sushi Wroc\u0142aw - Suszarnia<\/title>\n<meta name=\"description\" content=\"Restauracja sushi Wroc\u0142aw \u2013 sprawd\u017a menu i zam\u00f3w sushi z dowozem. \u015awie\u017ce sk\u0142adniki, szybka dostawa i bogaty wyb\u00f3r zestaw\u00f3w.\" \/>\n<meta name=\"robots\" content=\"index, follow, max-snippet:-1, max-image-preview:large, max-video-preview:-1\" \/>\n<link rel=\"canonical\" href=\"https:\/\/suszarniashop.pl\/menu\/\" \/>\n<meta property=\"og:locale\" content=\"pl_PL\" \/>\n<meta property=\"og:type\" content=\"article\" \/>\n<meta property=\"og:title\" content=\"Restauracja sushi Wroc\u0142aw - Suszarnia\" \/>\n<meta property=\"og:description\" content=\"Restauracja sushi Wroc\u0142aw \u2013 sprawd\u017a menu i zam\u00f3w sushi z dowozem. \u015awie\u017ce sk\u0142adniki, szybka dostawa i bogaty wyb\u00f3r zestaw\u00f3w.\" \/>\n<meta property=\"og:url\" content=\"https:\/\/suszarniashop.pl\/menu\/\" \/>\n<meta property=\"og:site_name\" content=\"Suszarnia\" \/>\n<meta property=\"article:modified_time\" content=\"2026-03-31T10:20:07+00:00\" \/>\n<meta property=\"og:image\" content=\"https:\/\/suszarniashop.pl\/wp-content\/uploads\/elementor\/thumbs\/czarneckiego-e1735016983240-qyyqzzn894o79cwiurhulami4myb16e1msvn5lbsw0.png\" \/>\n<meta name=\"twitter:card\" content=\"summary_large_image\" \/>\n<meta name=\"twitter:label1\" content=\"Szacowany czas czytania\" \/>\n\t<meta name=\"twitter:data1\" content=\"2 minuty\" \/>\n<script type=\"application\/ld+json\" class=\"yoast-schema-graph\">{\"@context\":\"https:\/\/schema.org\",\"@graph\":[{\"@type\":\"WebPage\",\"@id\":\"https:\/\/suszarniashop.pl\/menu\/\",\"url\":\"https:\/\/suszarniashop.pl\/menu\/\",\"name\":\"Restauracja sushi Wroc\u0142aw - Suszarnia\",\"isPartOf\":{\"@id\":\"https:\/\/suszarniashop.pl\/#website\"},\"primaryImageOfPage\":{\"@id\":\"https:\/\/suszarniashop.pl\/menu\/#primaryimage\"},\"image\":{\"@id\":\"https:\/\/suszarniashop.pl\/menu\/#primaryimage\"},\"thumbnailUrl\":\"https:\/\/suszarniashop.pl\/wp-content\/uploads\/elementor\/thumbs\/czarneckiego-e1735016983240-qyyqzzn894o79cwiurhulami4myb16e1msvn5lbsw0.png\",\"datePublished\":\"2022-09-26T06:44:36+00:00\",\"dateModified\":\"2026-03-31T10:20:07+00:00\",\"description\":\"Restauracja sushi Wroc\u0142aw \u2013 sprawd\u017a menu i zam\u00f3w sushi z dowozem. \u015awie\u017ce sk\u0142adniki, szybka dostawa i bogaty wyb\u00f3r zestaw\u00f3w.\",\"breadcrumb\":{\"@id\":\"https:\/\/suszarniashop.pl\/menu\/#breadcrumb\"},\"inLanguage\":\"pl-PL\",\"potentialAction\":[{\"@type\":\"ReadAction\",\"target\":[\"https:\/\/suszarniashop.pl\/menu\/\"]}]},{\"@type\":\"ImageObject\",\"inLanguage\":\"pl-PL\",\"@id\":\"https:\/\/suszarniashop.pl\/menu\/#primaryimage\",\"url\":\"https:\/\/suszarniashop.pl\/wp-content\/uploads\/elementor\/thumbs\/czarneckiego-e1735016983240-qyyqzzn894o79cwiurhulami4myb16e1msvn5lbsw0.png\",\"contentUrl\":\"https:\/\/suszarniashop.pl\/wp-content\/uploads\/elementor\/thumbs\/czarneckiego-e1735016983240-qyyqzzn894o79cwiurhulami4myb16e1msvn5lbsw0.png\"},{\"@type\":\"BreadcrumbList\",\"@id\":\"https:\/\/suszarniashop.pl\/menu\/#breadcrumb\",\"itemListElement\":[{\"@type\":\"ListItem\",\"position\":1,\"name\":\"Strona g\u0142\u00f3wna\",\"item\":\"https:\/\/suszarniashop.pl\/\"},{\"@type\":\"ListItem\",\"position\":2,\"name\":\"Menu\"}]},{\"@type\":\"WebSite\",\"@id\":\"https:\/\/suszarniashop.pl\/#website\",\"url\":\"https:\/\/suszarniashop.pl\/\",\"name\":\"Suszarnia\",\"description\":\"Sushi &amp; Bar Wroc\u0142aw\",\"potentialAction\":[{\"@type\":\"SearchAction\",\"target\":{\"@type\":\"EntryPoint\",\"urlTemplate\":\"https:\/\/suszarniashop.pl\/?s={search_term_string}\"},\"query-input\":{\"@type\":\"PropertyValueSpecification\",\"valueRequired\":true,\"valueName\":\"search_term_string\"}}],\"inLanguage\":\"pl-PL\"}]}<\/script>\n<!-- \/ Yoast SEO plugin. -->","yoast_head_json":{"title":"Restauracja sushi Wroc\u0142aw - Suszarnia","description":"Restauracja sushi Wroc\u0142aw \u2013 sprawd\u017a menu i zam\u00f3w sushi z dowozem. \u015awie\u017ce sk\u0142adniki, szybka dostawa i bogaty wyb\u00f3r zestaw\u00f3w.","robots":{"index":"index","follow":"follow","max-snippet":"max-snippet:-1","max-image-preview":"max-image-preview:large","max-video-preview":"max-video-preview:-1"},"canonical":"https:\/\/suszarniashop.pl\/menu\/","og_locale":"pl_PL","og_type":"article","og_title":"Restauracja sushi Wroc\u0142aw - Suszarnia","og_description":"Restauracja sushi Wroc\u0142aw \u2013 sprawd\u017a menu i zam\u00f3w sushi z dowozem. \u015awie\u017ce sk\u0142adniki, szybka dostawa i bogaty wyb\u00f3r zestaw\u00f3w.","og_url":"https:\/\/suszarniashop.pl\/menu\/","og_site_name":"Suszarnia","article_modified_time":"2026-03-31T10:20:07+00:00","og_image":[{"url":"https:\/\/suszarniashop.pl\/wp-content\/uploads\/elementor\/thumbs\/czarneckiego-e1735016983240-qyyqzzn894o79cwiurhulami4myb16e1msvn5lbsw0.png","type":"","width":"","height":""}],"twitter_card":"summary_large_image","twitter_misc":{"Szacowany czas czytania":"2 minuty"},"schema":{"@context":"https:\/\/schema.org","@graph":[{"@type":"WebPage","@id":"https:\/\/suszarniashop.pl\/menu\/","url":"https:\/\/suszarniashop.pl\/menu\/","name":"Restauracja sushi Wroc\u0142aw - Suszarnia","isPartOf":{"@id":"https:\/\/suszarniashop.pl\/#website"},"primaryImageOfPage":{"@id":"https:\/\/suszarniashop.pl\/menu\/#primaryimage"},"image":{"@id":"https:\/\/suszarniashop.pl\/menu\/#primaryimage"},"thumbnailUrl":"https:\/\/suszarniashop.pl\/wp-content\/uploads\/elementor\/thumbs\/czarneckiego-e1735016983240-qyyqzzn894o79cwiurhulami4myb16e1msvn5lbsw0.png","datePublished":"2022-09-26T06:44:36+00:00","dateModified":"2026-03-31T10:20:07+00:00","description":"Restauracja sushi Wroc\u0142aw \u2013 sprawd\u017a menu i zam\u00f3w sushi z dowozem. \u015awie\u017ce sk\u0142adniki, szybka dostawa i bogaty wyb\u00f3r zestaw\u00f3w.","breadcrumb":{"@id":"https:\/\/suszarniashop.pl\/menu\/#breadcrumb"},"inLanguage":"pl-PL","potentialAction":[{"@type":"ReadAction","target":["https:\/\/suszarniashop.pl\/menu\/"]}]},{"@type":"ImageObject","inLanguage":"pl-PL","@id":"https:\/\/suszarniashop.pl\/menu\/#primaryimage","url":"https:\/\/suszarniashop.pl\/wp-content\/uploads\/elementor\/thumbs\/czarneckiego-e1735016983240-qyyqzzn894o79cwiurhulami4myb16e1msvn5lbsw0.png","contentUrl":"https:\/\/suszarniashop.pl\/wp-content\/uploads\/elementor\/thumbs\/czarneckiego-e1735016983240-qyyqzzn894o79cwiurhulami4myb16e1msvn5lbsw0.png"},{"@type":"BreadcrumbList","@id":"https:\/\/suszarniashop.pl\/menu\/#breadcrumb","itemListElement":[{"@type":"ListItem","position":1,"name":"Strona g\u0142\u00f3wna","item":"https:\/\/suszarniashop.pl\/"},{"@type":"ListItem","position":2,"name":"Menu"}]},{"@type":"WebSite","@id":"https:\/\/suszarniashop.pl\/#website","url":"https:\/\/suszarniashop.pl\/","name":"Suszarnia","description":"Sushi &amp; Bar Wroc\u0142aw","potentialAction":[{"@type":"SearchAction","target":{"@type":"EntryPoint","urlTemplate":"https:\/\/suszarniashop.pl\/?s={search_term_string}"},"query-input":{"@type":"PropertyValueSpecification","valueRequired":true,"valueName":"search_term_string"}}],"inLanguage":"pl-PL"}]}},"_links":{"self":[{"href":"https:\/\/suszarniashop.pl\/index.php\/wp-json\/wp\/v2\/pages\/23786","targetHints":{"allow":["GET"]}}],"collection":[{"href":"https:\/\/suszarniashop.pl\/index.php\/wp-json\/wp\/v2\/pages"}],"about":[{"href":"https:\/\/suszarniashop.pl\/index.php\/wp-json\/wp\/v2\/types\/page"}],"author":[{"embeddable":true,"href":"https:\/\/suszarniashop.pl\/index.php\/wp-json\/wp\/v2\/users\/1"}],"replies":[{"embeddable":true,"href":"https:\/\/suszarniashop.pl\/index.php\/wp-json\/wp\/v2\/comments?post=23786"}],"version-history":[{"count":31,"href":"https:\/\/suszarniashop.pl\/index.php\/wp-json\/wp\/v2\/pages\/23786\/revisions"}],"predecessor-version":[{"id":34297,"href":"https:\/\/suszarniashop.pl\/index.php\/wp-json\/wp\/v2\/pages\/23786\/revisions\/34297"}],"wp:attachment":[{"href":"https:\/\/suszarniashop.pl\/index.php\/wp-json\/wp\/v2\/media?parent=23786"}],"curies":[{"name":"wp","href":"https:\/\/api.w.org\/{rel}","templated":true}]}}